{"id":1292,"date":"2025-06-05T13:24:09","date_gmt":"2025-06-05T18:24:09","guid":{"rendered":"https:\/\/ideainnovadora.com\/?page_id=1292"},"modified":"2025-06-05T13:24:09","modified_gmt":"2025-06-05T18:24:09","slug":"terminos-y-condiciones","status":"publish","type":"page","link":"https:\/\/ideainnovadora.com\/chefdecuatropatas\/terminos-y-condiciones\/","title":{"rendered":"Terminos y Condiciones"},"content":{"rendered":"\n<p><strong>T\u00e9rminos y Condiciones<\/strong><\/p>\n\n\n\n<p>Descargo de Responsabilidad y Condiciones de Uso<\/p>\n\n\n\n<p>Si no est\u00e1 de acuerdo con los siguientes \u201cT\u00e9rminos y Condiciones\u201d aqu\u00ed presentados, por favor abandone el sitio inmediatamente!<\/p>\n\n\n\n<p>Usar este sitio implica aceptar sus condiciones de uso. Si no est\u00e1 de acuerdo, por favor no lo utilice.<\/p>\n\n\n\n<p>Las condiciones pueden ser actualizadas sin previo aviso. El uso del sitio supone la aceptaci\u00f3n de dichos t\u00e9rminos y sus actualizaciones.<\/p>\n\n\n\n<p>\u00danicamente Para Adultos.&nbsp;&nbsp;El presente sitio es s\u00f3lo para mayores de 18 a\u00f1os de edad. Si es menor no puede acceder al mismo, ni suscribirse a nuestro bolet\u00edn informativo.<\/p>\n\n\n\n<p>Nota del Copyright<\/p>\n\n\n\n<p>El contenido del sitio, dise\u00f1o, informaci\u00f3n, programaci\u00f3n, textos, manuales, est\u00e1n protegidos por derechos de autor, y reservados, no pudiendo copiarse su contenido sin nuestra autorizaci\u00f3n previa por escrito.<\/p>\n\n\n\n<p>Aviso Legal<\/p>\n\n\n\n<p>La informaci\u00f3n del presente sitio se brinda sin ning\u00fan tipo de garant\u00eda en lo que a productos y servicios se refiere.<\/p>\n\n\n\n<p>No se garantiza que su contenido sea exacto, o est\u00e9 disponible en cualquier momento, o que contenga errores involuntarios o virus.<\/p>\n\n\n\n<p>Su uso es de su exclusiva responsabilidad, el usuario acepta que el mismo no se basa en garant\u00eda alguna. Debido a que algunas jurisdicciones no permiten la exclusi\u00f3n o limitaci\u00f3n de da\u00f1os, nuestra responsabilidad se limita a la medida exigida por la ley.<\/p>\n\n\n\n<p>Los propietarios de este sitio web no son responsables de alg\u00fan da\u00f1o directo, indirecto, punitivo, incidental, especial o consecuente que resulte del uso de la informaci\u00f3n o servicio o producto recibido a trav\u00e9s del mismo.<\/p>\n\n\n\n<p>El contenido del presente sitio no puede ser considerado como un consejo m\u00e9dico veterinario. Ante cualquier duda debe consultar a un m\u00e9dico o profesional calificado ante la informaci\u00f3n recibida, ya sea por este sitio o libro, o cualquier otro. Los resultados dependen de la correcta aplicaci\u00f3n del m\u00e9todo descripto, como de otros factores circunstanciales. No podemos garantizar resultados espec\u00edficos.<\/p>\n\n\n\n<p>El editor y autor de este sitio web han tratado de verificar la informaci\u00f3n, pero no asumen responsabilidad por errores u omisiones, o la interpretaci\u00f3n del contenido de este sitio web.<\/p>\n\n\n\n<p>Aplique su criterio. El autor de este sitio web no es m\u00e9dico veterinario, es nutricionista animal, es un investigador del tema, que brinda la informaci\u00f3n recopilada para fines informativos y educativos. Si su perro padece alg\u00fan s\u00edntoma fuera de lo normal o su salud se encuentra deteriorada, consulte de inmediato al m\u00e9dico veterinario.<\/p>\n\n\n\n<p>\u201cChef de Cuatro Patas: Curso Dieta Cocida\u201d no es un sustituto de la atenci\u00f3n m\u00e9dica veterinaria, respecto al deterioro o mejora de su salud. La referencia a productos de marcas reconocidas, no son garant\u00eda.<\/p>\n\n\n\n<p>Tenga en cuenta que si bien la informaci\u00f3n brindada en \u201cChef de Cuatro Patas: Curso Dieta Cocida\u201d es \u00fatil, deben consultar al m\u00e9dico veterinario antes de tomar alguno de los suplementos mencionados. Debido a que cada perro es distinto, los resultados pueden variar, de acuerdo a la qu\u00edmica del cuerpo y al nivel de seguimiento del m\u00e9todo a la hora de aplicar las pr\u00e1cticas para conseguir mejorar su salud.<\/p>\n\n\n\n<p>La informaci\u00f3n en este sitio web es a efectos educativos, no constituye representaci\u00f3n o garant\u00eda de la exactitud, aplicabilidad o adecuaci\u00f3n de los contenidos expuestos en \u201cChef de Cuatro Patas: Curso Dieta Cocida\u201d, la aplicaci\u00f3n pr\u00e1ctica de los mismos es responsabilidad del usuario.<\/p>\n\n\n\n<p>El presente producto en este sitio web NO GARANTIZA sus resultados, las t\u00e9cnicas e ideas expuestas NO deben interpretarse como una promesa o GARANT\u00cdA DE PREVENCI\u00d3N para el mejoramiento o deterioro de la salud de su perro.<\/p>\n\n\n\n<p>Su nivel de \u00e9xito depende del tiempo que le dedique a las habilidades presentadas en el curso, como estos factores var\u00edan de un individuo a otro, NO PODEMOS GARANTIZAR SU \u00c9XITO, NI SOMOS RESPONSABLES DE LAS ACCIONES PROVENIENTES DE SU APLICACI\u00d3N.<\/p>\n\n\n\n<p>MUCHOS FACTORES SON IMPORTANTES EN LA OBTENCI\u00d3N DE RESULTADOS REALES, PERO NO DAN GARANT\u00cdA DE QUE TODOS PUEDAN ALCANZAR LOS RESULTADOS DESEADOS, A TRAV\u00c9S DE LAS T\u00c9CNICAS EXPUESTAS EN ESTE MATERIAL.<\/p>\n\n\n\n<p>El autor y editor de este sitio web Chefdecuatropatas.ideainnovadora.com, no ser\u00e1n responsables del da\u00f1o directo o indirecto, punitivo, especial, incidental o de otra \u00edndole, que surja del uso de este material que se proporciona sin garant\u00edas.<\/p>\n\n\n\n<p><\/p>\n","protected":false},"excerpt":{"rendered":"<p>T\u00e9rminos y Condiciones Descargo de Responsabilidad y Condiciones de Uso Si no est\u00e1 de acuerdo con los siguientes \u201cT\u00e9rminos y Condiciones\u201d aqu\u00ed presentados, por favor abandone el sitio inmediatamente! Usar este sitio implica aceptar sus condiciones de uso. Si no est\u00e1 de acuerdo, por favor no lo utilice. Las condiciones pueden ser actualizadas sin previo [&hellip;]<\/p>\n","protected":false},"author":2,"featured_media":0,"parent":0,"menu_order":0,"comment_status":"closed","ping_status":"closed","template":"","meta":{"footnotes":""},"class_list":["post-1292","page","type-page","status-publish","hentry"],"_links":{"self":[{"href":"https:\/\/ideainnovadora.com\/chefdecuatropatas\/wp-json\/wp\/v2\/pages\/1292","targetHints":{"allow":["GET"]}}],"collection":[{"href":"https:\/\/ideainnovadora.com\/chefdecuatropatas\/wp-json\/wp\/v2\/pages"}],"about":[{"href":"https:\/\/ideainnovadora.com\/chefdecuatropatas\/wp-json\/wp\/v2\/types\/page"}],"author":[{"embeddable":true,"href":"https:\/\/ideainnovadora.com\/chefdecuatropatas\/wp-json\/wp\/v2\/users\/2"}],"replies":[{"embeddable":true,"href":"https:\/\/ideainnovadora.com\/chefdecuatropatas\/wp-json\/wp\/v2\/comments?post=1292"}],"version-history":[{"count":1,"href":"https:\/\/ideainnovadora.com\/chefdecuatropatas\/wp-json\/wp\/v2\/pages\/1292\/revisions"}],"predecessor-version":[{"id":1293,"href":"https:\/\/ideainnovadora.com\/chefdecuatropatas\/wp-json\/wp\/v2\/pages\/1292\/revisions\/1293"}],"wp:attachment":[{"href":"https:\/\/ideainnovadora.com\/chefdecuatropatas\/wp-json\/wp\/v2\/media?parent=1292"}],"curies":[{"name":"wp","href":"https:\/\/api.w.org\/{rel}","templated":true}]}}